{"id":13,"date":"2020-09-29T14:45:22","date_gmt":"2020-09-29T14:45:22","guid":{"rendered":"http:\/\/oeils.com\/?page_id=13"},"modified":"2020-09-29T14:53:06","modified_gmt":"2020-09-29T14:53:06","slug":"13-2","status":"publish","type":"page","link":"https:\/\/oeils.com\/","title":{"rendered":""},"content":{"rendered":"\n<p class=\"has-text-align-center\">Oeils International, deux regards singuliers sur l&rsquo;art et la d\u00e9coration. <\/p>\n\n\n\n<p class=\"has-text-align-center\">Le magasin est situ\u00e9 au 32 rue Fernand Neuray 1050 Ixelles. <\/p>\n\n\n\n<p class=\"has-text-align-center\">Ouvert du mardi au samedi de 14h30 \u00e0 18h30<\/p>\n\n\n\n<figure class=\"wp-block-gallery alignright columns-1 is-cropped wp-block-gallery-1 is-layout-flex wp-block-gallery-is-layout-flex\"><ul class=\"blocks-gallery-grid\"><li class=\"blocks-gallery-item\"><figure><img loading=\"lazy\" decoding=\"async\" width=\"749\" height=\"752\" src=\"http:\/\/oeils.com\/wp-content\/uploads\/2020\/09\/oeils.png\" alt=\"\" data-id=\"14\" data-full-url=\"http:\/\/oeils.com\/wp-content\/uploads\/2020\/09\/oeils.png\" data-link=\"http:\/\/oeils.com\/?attachment_id=14\" class=\"wp-image-14\" srcset=\"https:\/\/oeils.com\/wp-content\/uploads\/2020\/09\/oeils.png 749w, https:\/\/oeils.com\/wp-content\/uploads\/2020\/09\/oeils-300x300.png 300w, https:\/\/oeils.com\/wp-content\/uploads\/2020\/09\/oeils-150x150.png 150w\" sizes=\"auto, (max-width: 749px) 100vw, 749px\" \/><\/figure><\/li><\/ul><\/figure>\n","protected":false},"excerpt":{"rendered":"<p>Oeils International, deux regards singuliers sur l&rsquo;art et la d\u00e9coration. Le magasin est situ\u00e9 au 32 rue Fernand Neuray 1050 Ixelles. Ouvert du mardi au samedi de 14h30 \u00e0 18h30<\/p>\n","protected":false},"author":1,"featured_media":0,"parent":0,"menu_order":0,"comment_status":"closed","ping_status":"closed","template":"","meta":{"footnotes":""},"class_list":["post-13","page","type-page","status-publish","hentry","entry"],"_links":{"self":[{"href":"https:\/\/oeils.com\/index.php?rest_route=\/wp\/v2\/pages\/13","targetHints":{"allow":["GET"]}}],"collection":[{"href":"https:\/\/oeils.com\/index.php?rest_route=\/wp\/v2\/pages"}],"about":[{"href":"https:\/\/oeils.com\/index.php?rest_route=\/wp\/v2\/types\/page"}],"author":[{"embeddable":true,"href":"https:\/\/oeils.com\/index.php?rest_route=\/wp\/v2\/users\/1"}],"replies":[{"embeddable":true,"href":"https:\/\/oeils.com\/index.php?rest_route=%2Fwp%2Fv2%2Fcomments&post=13"}],"version-history":[{"count":5,"href":"https:\/\/oeils.com\/index.php?rest_route=\/wp\/v2\/pages\/13\/revisions"}],"predecessor-version":[{"id":36,"href":"https:\/\/oeils.com\/index.php?rest_route=\/wp\/v2\/pages\/13\/revisions\/36"}],"wp:attachment":[{"href":"https:\/\/oeils.com\/index.php?rest_route=%2Fwp%2Fv2%2Fmedia&parent=13"}],"curies":[{"name":"wp","href":"https:\/\/api.w.org\/{rel}","templated":true}]}}